{"id":1903,"date":"2018-09-03T19:11:29","date_gmt":"2018-09-03T19:11:29","guid":{"rendered":"https:\/\/sunway.freevision.me\/?page_id=15"},"modified":"2025-03-02T18:05:37","modified_gmt":"2025-03-02T18:05:37","slug":"ixdex01","status":"publish","type":"page","link":"https:\/\/strandurlaub-kolberg.de\/","title":{"rendered":"Home"},"content":{"rendered":"<div class=\"wpb-content-wrapper\">[vc_row full_width=&#8220;stretch_row_content_no_spaces&#8220; full_height=&#8220;yes&#8220; hue=&#8220;#ff0000&#8243;][vc_column]<div id=\"top-banner-background-1\" class=\"shortcode-mode\"><div class=\"hero-background-slider\"><div style=\"background:url(https:\/\/strandurlaub-kolberg.de\/wp-content\/uploads\/2020\/06\/Wohnzimmer.3.jpg)\" data-title=\"Strandurlaub Kolberg\" data-subtitle=\"F\u00dcR IHREN TRAUMURLAUB IM BALTIKUM\" data-link=\"https:\/\/strandurlaub-kolberg.de\/?page_id=35\" data-linktitle=\"ANFRAGE\" data-fgcolor=\"#ffffff\"><div class=\"div_link\"><span  id=\"wofcb-2\" class=\"ozy-custom_button_w\"><a id=\"ofcb-2\" style=\"--data-bordercolor:#000000\" class=\"ozy-custom_button ocbtn-12\"  href=\"https:\/\/strandurlaub-kolberg.de\/?page_id=35\"  target=\"_blank\" >ANFRAGE<\/a><\/span><\/div><\/div><\/div><div class=\"hero-background-slider\"><div style=\"background:url(https:\/\/strandurlaub-kolberg.de\/wp-content\/uploads\/2025\/02\/PHOTO-2024-04-05-10-09-47.jpg)\" data-title=\"Ihre gem\u00fctliche Wohnung\" data-subtitle=\"FEWO IN TOP LAGE\" data-link=\"https:\/\/strandurlaub-kolberg.de\/?page_id=35\" data-linktitle=\"ANFRAGE\" data-fgcolor=\"#ffffff\"><div class=\"div_link\"><span  id=\"wofcb-3\" class=\"ozy-custom_button_w\"><a id=\"ofcb-3\" style=\"--data-bordercolor:#000000\" class=\"ozy-custom_button ocbtn-12\"  href=\"https:\/\/strandurlaub-kolberg.de\/?page_id=35\"  target=\"_self\" >ANFRAGE<\/a><\/span><\/div><\/div><\/div><div class=\"hero-background-slider\"><div style=\"background:url(https:\/\/strandurlaub-kolberg.de\/wp-content\/uploads\/2020\/07\/Mole1.jpg)\" data-title=\"Tradition trifft Moderne\" data-subtitle=\"F\u00dcR ALLE, DIE DEN PERFEKTEN AUFENTHALT SUCHEN\" data-link=\"https:\/\/strandurlaub-kolberg.de\/?page_id=35\" data-linktitle=\"ANFRAGE\" data-fgcolor=\"#ffffff\"><div class=\"div_link\"><span  id=\"wofcb-4\" class=\"ozy-custom_button_w\"><a id=\"ofcb-4\" style=\"--data-bordercolor:#000000\" class=\"ozy-custom_button ocbtn-12\"  href=\"https:\/\/strandurlaub-kolberg.de\/?page_id=35\"  target=\"_self\" >ANFRAGE<\/a><\/span><\/div><\/div><\/div><div class=\"hero-background-slider\"><div style=\"background:url(https:\/\/strandurlaub-kolberg.de\/wp-content\/uploads\/2020\/07\/Leuchtturm_byN8.jpg)\" data-title=\"Direkte Strandn\u00e4he\" data-subtitle=\"NICHT WEIT VOM HAFEN\" data-link=\"https:\/\/strandurlaub-kolberg.de\/?page_id=35\" data-linktitle=\"ANFRAGE\" data-fgcolor=\"#ffffff\"><div class=\"div_link\"><span  id=\"wofcb-5\" class=\"ozy-custom_button_w\"><a id=\"ofcb-5\" style=\"--data-bordercolor:#000000\" class=\"ozy-custom_button ocbtn-12\"  href=\"https:\/\/strandurlaub-kolberg.de\/?page_id=35\"  target=\"_self\" >ANFRAGE<\/a><\/span><\/div><\/div><\/div><div class=\"reveal-slider-caption\"><\/div><\/div>[\/vc_column][\/vc_row][vc_row content_placement=&#8220;middle&#8220; css=&#8220;.vc_custom_1542961430859{margin-top: 0px !important;margin-bottom: 0px !important;padding-top: 90px !important;padding-bottom: 60px !important;}&#8220;][vc_column width=&#8220;1\/2&#8243; zero_padding_on_mobile=&#8220;on&#8220; zero_margin_on_mobile=&#8220;on&#8220; css=&#8220;.vc_custom_1740736085702{padding-right: 5% !important;padding-left: 5% !important;}&#8220;][vc_column_text css=&#8220;.vc_custom_1740828257640{margin-bottom: 15px !important;}&#8220;]\n<h2 style=\"text-align: left;\">Ihre gem\u00fctliche Ferienwohnung<br \/>\nf\u00fcr den p<em>erfekten Aufenthalt<\/em><\/h2>\n[\/vc_column_text][vc_column_text css=&#8220;&#8220;]\n<p style=\"text-align: justify;\">Unsere Ferienwohnung liegt in Strandn\u00e4he (200m) direkt am K\u00fcstenpark und nicht weit vom Hafen. Sie ist gem\u00fctlich eingerichtet und bietet alles, was sie f\u00fcr den t\u00e4glichen Komfort ben\u00f6tigen. Damit Sie sich auch im Urlaub sofort wie zu Hause f\u00fchlen.<\/p>\n<p style=\"text-align: justify;\">Wir freuen uns auf Ihren Besuch.<\/p>\n<p><img loading=\"lazy\" decoding=\"async\" class=\"alignnone wp-image-2036 size-medium\" src=\"https:\/\/strandurlaub-kolberg.de\/wp-content\/uploads\/2025\/03\/Sign-Kolberg_SIE-e1740863551463-300x93.png\" alt=\"Gruss Handschrift\" width=\"300\" height=\"93\" srcset=\"https:\/\/strandurlaub-kolberg.de\/wp-content\/uploads\/2025\/03\/Sign-Kolberg_SIE-e1740863551463-300x93.png 300w, https:\/\/strandurlaub-kolberg.de\/wp-content\/uploads\/2025\/03\/Sign-Kolberg_SIE-e1740863551463-1024x318.png 1024w, https:\/\/strandurlaub-kolberg.de\/wp-content\/uploads\/2025\/03\/Sign-Kolberg_SIE-e1740863551463-768x238.png 768w, https:\/\/strandurlaub-kolberg.de\/wp-content\/uploads\/2025\/03\/Sign-Kolberg_SIE-e1740863551463-1536x477.png 1536w, https:\/\/strandurlaub-kolberg.de\/wp-content\/uploads\/2025\/03\/Sign-Kolberg_SIE-e1740863551463-2048x635.png 2048w, https:\/\/strandurlaub-kolberg.de\/wp-content\/uploads\/2025\/03\/Sign-Kolberg_SIE-e1740863551463-1144x355.png 1144w, https:\/\/strandurlaub-kolberg.de\/wp-content\/uploads\/2025\/03\/Sign-Kolberg_SIE-e1740863551463-500x155.png 500w, https:\/\/strandurlaub-kolberg.de\/wp-content\/uploads\/2025\/03\/Sign-Kolberg_SIE-e1740863551463-800x248.png 800w, https:\/\/strandurlaub-kolberg.de\/wp-content\/uploads\/2025\/03\/Sign-Kolberg_SIE-e1740863551463-1280x397.png 1280w, https:\/\/strandurlaub-kolberg.de\/wp-content\/uploads\/2025\/03\/Sign-Kolberg_SIE-e1740863551463-1920x596.png 1920w\" sizes=\"auto, (max-width: 300px) 100vw, 300px\" \/><\/p>\n<p>ANNA &#8211; ANSPRECHPARTNERIN[\/vc_column_text][\/vc_column][vc_column width=&#8220;1\/2&#8243; css=&#8220;.vc_custom_1740736121956{padding-right: 5% !important;}&#8220;][vc_single_image image=&#8220;2024&#8243; img_size=&#8220;full&#8220; alignment=&#8220;right&#8220; css=&#8220;&#8220; parallax_ratio=&#8220;1.0&#8243;][\/vc_column][\/vc_row][vc_row full_width=&#8220;stretch_row&#8220; css=&#8220;.vc_custom_1537989181048{margin-top: 0px !important;margin-bottom: 0px !important;padding-top: 80px !important;padding-bottom: 115px !important;background-color: #f7f7f7 !important;}&#8220;][vc_column][vc_row_inner content_placement=&#8220;middle&#8220; css=&#8220;.vc_custom_1537988042258{margin-top: 0px !important;margin-right: 0px !important;margin-bottom: 0px !important;margin-left: 0px !important;padding-top: 0px !important;padding-right: 0px !important;padding-bottom: 0px !important;padding-left: 0px !important;background-color: #ffffff !important;}&#8220;][vc_column_inner width=&#8220;1\/2&#8243; css=&#8220;.vc_custom_1537989443441{padding-top: 40px !important;padding-right: 15% !important;padding-bottom: 40px !important;padding-left: 15% !important;}&#8220;][vc_custom_heading text=&#8220;Kolberg, PL&#8220; font_container=&#8220;tag:h2|text_align:center|color:%23000000&#8243; use_theme_fonts=&#8220;yes&#8220; css=&#8220;.vc_custom_1740736397517{margin-bottom: 15px !important;}&#8220;][vc_column_text css=&#8220;&#8220;]\n<p style=\"text-align: justify;\"><em><strong>Kolberg (Ko\u0142obrzeg)<\/strong><\/em> ist ein charmantes Ostseebad in Polen, bekannt f\u00fcr seine langen Sandstr\u00e4nde, die historische Altstadt und sein gesundes K\u00fcstenklima. Die Stadt bietet Erholung, Wellness und Sehensw\u00fcrdigkeiten wie den Leuchtturm, die Marienbasilika und die Seebr\u00fccke. Gem\u00fctliche Caf\u00e9s und Restaurants mit frischem Fisch runden das maritime Flair ab.<\/p>\n[\/vc_column_text]<span  id=\"wofcb-6\" class=\"ozy-custom_button_w\"><a id=\"ofcb-6\" style=\"--data-bordercolor:#c19b76\" class=\"ozy-custom_button ocbtn-1\"  href=\"#\"  target=\"_self\" >Read More<\/a><\/span>[\/vc_column_inner][vc_column_inner width=&#8220;1\/2&#8243; css=&#8220;.vc_custom_1537987996656{margin-top: 0px !important;margin-right: 0px !important;margin-bottom: 0px !important;margin-left: 0px !important;padding-top: 0px !important;padding-right: 0px !important;padding-bottom: 0px !important;padding-left: 0px !important;}&#8220;][vc_single_image image=&#8220;647&#8243; img_size=&#8220;full&#8220; alignment=&#8220;center&#8220; css_animation=&#8220;fadeIn&#8220; css=&#8220;.vc_custom_1740736777058{margin-top: 0px !important;margin-right: 0px !important;margin-bottom: 0px !important;margin-left: 0px !important;padding-top: 0px !important;padding-right: 0px !important;padding-bottom: 0px !important;padding-left: 0px !important;}&#8220; parallax_ratio=&#8220;1&#8243;][\/vc_column_inner][\/vc_row_inner][vc_row_inner content_placement=&#8220;middle&#8220; css=&#8220;.vc_custom_1537988042258{margin-top: 0px !important;margin-right: 0px !important;margin-bottom: 0px !important;margin-left: 0px !important;padding-top: 0px !important;padding-right: 0px !important;padding-bottom: 0px !important;padding-left: 0px !important;background-color: #ffffff !important;}&#8220;][vc_column_inner width=&#8220;1\/2&#8243; css=&#8220;.vc_custom_1537988850850{margin-top: 0px !important;margin-right: 0px !important;margin-bottom: 0px !important;margin-left: 0px !important;padding-top: 0px !important;padding-right: 0px !important;padding-bottom: 0px !important;padding-left: 0px !important;}&#8220;][vc_single_image image=&#8220;236&#8243; img_size=&#8220;full&#8220; alignment=&#8220;center&#8220; css_animation=&#8220;fadeIn&#8220; css=&#8220;.vc_custom_1740782657768{margin-top: 0px !important;margin-right: 0px !important;margin-bottom: 0px !important;margin-left: 0px !important;padding-top: 0px !important;padding-right: 0px !important;padding-bottom: 0px !important;padding-left: 0px !important;}&#8220; parallax_ratio=&#8220;1&#8243;][\/vc_column_inner][vc_column_inner width=&#8220;1\/2&#8243; css=&#8220;.vc_custom_1537989436882{padding-top: 40px !important;padding-right: 15% !important;padding-bottom: 40px !important;padding-left: 15% !important;}&#8220;][vc_custom_heading text=&#8220;Freizeit&#8220; font_container=&#8220;tag:h2|text_align:center|color:%23000000&#8243; use_theme_fonts=&#8220;yes&#8220; css=&#8220;.vc_custom_1740782816117{margin-bottom: 15px !important;}&#8220;][vc_column_text css=&#8220;&#8220;]Ko\u0142obrzeg ist ein einzigartiges Reiseziel, das mit einer perfekten Mischung aus Geschichte, Natur und maritimem Flair begeistert. Ob Sie durch die engen Gassen der Altstadt schlendern, die unber\u00fchrte Natur in den Parks genie\u00dfen oder die beeindruckenden Wahrzeichen entlang der K\u00fcste erkunden \u2013 die Stadt h\u00e4lt viele unvergessliche Erlebnisse bereit.<\/p>\n<p>Lassen Sie sich von der Sch\u00f6nheit Ko\u0142obrzegs verzaubern und entdecken Sie die charmanten Pl\u00e4tze, die diese Stadt zu einem wahren Juwel an der polnischen Ostsee machen![\/vc_column_text]<span  id=\"wofcb-7\" class=\"ozy-custom_button_w\"><a id=\"ofcb-7\" style=\"--data-bordercolor:#c19b76\" class=\"ozy-custom_button ocbtn-1\"  href=\"#\"  target=\"_self\" >Read More<\/a><\/span>[\/vc_column_inner][\/vc_row_inner][\/vc_column][\/vc_row][vc_row full_width=&#8220;stretch_row_content&#8220; css=&#8220;.vc_custom_1740920039649{margin-top: 0px !important;margin-bottom: 0px !important;padding-top: 50px !important;padding-bottom: 40px !important;}&#8220; el_id=&#8220;rooms&#8220;][vc_column][vc_custom_heading text=&#8220;Ihre Wohnung&#8220; font_container=&#8220;tag:p|text_align:center|color:%23c19b76&#8243; use_theme_fonts=&#8220;yes&#8220; css=&#8220;&#8220;][vc_custom_heading text=&#8220;Austattung&#8220; font_container=&#8220;tag:h2|text_align:center&#8220; use_theme_fonts=&#8220;yes&#8220; css=&#8220;.vc_custom_1740829480850{margin-bottom: 10px !important;}&#8220;]<div id=\"ovd-8\" class=\"ozy-vertical_divider wpb_content_element\"><span class=\"h6-size heading-font\"><\/span><\/div><div id=\"hero-post-slides-9\" class=\"hero-post-slides\">\t<div class=\"slides-cont\">\t\t<div class=\"slides wpb_content_element carousel\" data-flickity='{\"groupCells\": \"80%\", \"pageDots\": false, \"imagesLoaded\": true,  \"autoPlay\": false, \"pauseAutoPlayOnHover\": true, \"prevNextButtons\": true, \"cellAlign\": \"center\" }'><div class=\"slide carousel-cell\" style=\"background-image: url(data:image\/png;base64,R0lGODlhAQABAAD\/ACwAAAAAAQABAAACADs=);\" data-bgsrc=\"https:\/\/strandurlaub-kolberg.de\/wp-content\/uploads\/2020\/07\/Wohnzimmer1.jpg\">\t<div class=\"number\">01<\/div>\t<div class=\"body\">\t\t<div class=\"location\">FeWo<\/div>\t\t<div class=\"headline heading-font-family\">FeWo<\/div>\t\t<a href=\"https:\/\/strandurlaub-kolberg.de\/?mphb_room_type=ferienwohnung\" target=\"_self\"><span class=\"link ozy-button auto\">View More<\/span><\/a>\t<\/div><\/div>\t\t<\/div>\t<\/div><\/div>[\/vc_column][\/vc_row]\n<\/div>","protected":false},"excerpt":{"rendered":"<p>[vc_row full_width=&#8220;stretch_row_content_no_spaces&#8220; full_height=&#8220;yes&#8220; hue=&#8220;#ff0000&#8243;][vc_column][\/vc_column][\/vc_row][vc_row content_placement=&#8220;middle&#8220; css=&#8220;.vc_custom_1542961430859{margin-top: 0px !important;margin-bottom: 0px !important;padding-top: 90px !important;padding-bottom: 60px !important;}&#8220;][vc_column width=&#8220;1\/2&#8243; zero_padding_on_mobile=&#8220;on&#8220; zero_margin_on_mobile=&#8220;on&#8220; css=&#8220;.vc_custom_1740736085702{padding-right: 5% !important;padding-left: 5% !important;}&#8220;][vc_column_text css=&#8220;.vc_custom_1740828257640{margin-bottom: 15px !important;}&#8220;] Ihre gem\u00fctliche Ferienwohnung f\u00fcr den [&hellip;]<\/p>\n","protected":false},"author":1,"featured_media":0,"parent":0,"menu_order":0,"comment_status":"closed","ping_status":"closed","template":"page-transparent-menu.php","meta":{"footnotes":""},"class_list":["post-1903","page","type-page","status-publish","hentry","has_thumb",null],"_links":{"self":[{"href":"https:\/\/strandurlaub-kolberg.de\/index.php?rest_route=\/wp\/v2\/pages\/1903","targetHints":{"allow":["GET"]}}],"collection":[{"href":"https:\/\/strandurlaub-kolberg.de\/index.php?rest_route=\/wp\/v2\/pages"}],"about":[{"href":"https:\/\/strandurlaub-kolberg.de\/index.php?rest_route=\/wp\/v2\/types\/page"}],"author":[{"embeddable":true,"href":"https:\/\/strandurlaub-kolberg.de\/index.php?rest_route=\/wp\/v2\/users\/1"}],"replies":[{"embeddable":true,"href":"https:\/\/strandurlaub-kolberg.de\/index.php?rest_route=%2Fwp%2Fv2%2Fcomments&post=1903"}],"version-history":[{"count":27,"href":"https:\/\/strandurlaub-kolberg.de\/index.php?rest_route=\/wp\/v2\/pages\/1903\/revisions"}],"predecessor-version":[{"id":2124,"href":"https:\/\/strandurlaub-kolberg.de\/index.php?rest_route=\/wp\/v2\/pages\/1903\/revisions\/2124"}],"wp:attachment":[{"href":"https:\/\/strandurlaub-kolberg.de\/index.php?rest_route=%2Fwp%2Fv2%2Fmedia&parent=1903"}],"curies":[{"name":"wp","href":"https:\/\/api.w.org\/{rel}","templated":true}]}}