{"id":2061,"date":"2025-03-02T08:24:03","date_gmt":"2025-03-02T08:24:03","guid":{"rendered":"https:\/\/strandurlaub-kolberg.de\/?page_id=2061"},"modified":"2025-03-02T12:47:05","modified_gmt":"2025-03-02T12:47:05","slug":"die-ferienwohnung_test","status":"publish","type":"page","link":"https:\/\/strandurlaub-kolberg.de\/?page_id=2061","title":{"rendered":"Lage\/ Ausstattung"},"content":{"rendered":"<div class=\"wpb-content-wrapper\">[vc_row][vc_column][vc_custom_heading text=&#8220;Lage und Ausstattung&#8220; font_container=&#8220;tag:h1|text_align:center&#8220; use_theme_fonts=&#8220;yes&#8220; css=&#8220;&#8220;][vc_tta_pageable no_fill_content_area=&#8220;true&#8220; active_section=&#8220;1&#8243; css=&#8220;.vc_custom_1740918979995{margin-right: 10px !important;margin-left: 10px !important;}&#8220;][vc_tta_section title=&#8220;Inhaltsbereich 1&#8243; tab_id=&#8220;1740918728864-277d5ded-e733&#8243;]\n\t\t\t\t<p class=\"rs-p-wp-fix\"><\/p>\n\t\t\t\t<sr7-module data-alias=\"slider-2\" data-id=\"3\" id=\"SR7_3_1\" class=\"rs-ov-hidden\" data-version=\"6.7.23\">\n\t\t\t\t\t<sr7-adjuster><\/sr7-adjuster>\n\t\t\t\t\t<sr7-content>\n\t\t\t\t\t\t<sr7-carousel>\n\t\t\t\t\t\t<sr7-slide id=\"SR7_3_1-10\" data-key=\"10\">\n\t\t\t\t\t\t\t<sr7-bg id=\"SR7_3_1-10-1\" class=\"sr7-layer\"><noscript><img decoding=\"async\" src=\"https:\/\/strandurlaub-kolberg.de\/wp-content\/uploads\/2025\/03\/Wohnung-1280.jpg\" alt=\"\" title=\"Wohnung 1280\"><\/noscript><\/sr7-bg>\n\t\t\t\t\t\t<\/sr7-slide>\n\t\t\t\t\t\t<sr7-slide id=\"SR7_3_1-11\" data-key=\"11\">\n\t\t\t\t\t\t\t<sr7-bg id=\"SR7_3_1-11-1\" class=\"sr7-layer\"><noscript><img decoding=\"async\" src=\"https:\/\/strandurlaub-kolberg.de\/wp-content\/uploads\/2025\/03\/Das-Haus_1280-1.jpg\" alt=\"\" title=\"Das Haus_1280\"><\/noscript><\/sr7-bg>\n\t\t\t\t\t\t<\/sr7-slide>\n\t\t\t\t\t\t<sr7-slide id=\"SR7_3_1-13\" data-key=\"13\">\n\t\t\t\t\t\t\t<sr7-bg id=\"SR7_3_1-13-1\" class=\"sr7-layer\"><noscript><img decoding=\"async\" src=\"https:\/\/strandurlaub-kolberg.de\/wp-content\/uploads\/2025\/03\/Park-3a.jpg\" alt=\"\" title=\"Park 3a\"><\/noscript><\/sr7-bg>\n\t\t\t\t\t\t<\/sr7-slide>\n\t\t\t\t\t\t<sr7-slide id=\"SR7_3_1-14\" data-key=\"14\">\n\t\t\t\t\t\t\t<sr7-bg id=\"SR7_3_1-14-1\" class=\"sr7-layer\"><noscript><img decoding=\"async\" src=\"https:\/\/strandurlaub-kolberg.de\/wp-content\/uploads\/2025\/03\/Strand-1280.jpg\" alt=\"\" title=\"Strand 1280\"><\/noscript><\/sr7-bg>\n\t\t\t\t\t\t<\/sr7-slide>\n\t\t\t\t\t\t<sr7-slide id=\"SR7_3_1-15\" data-key=\"15\">\n\t\t\t\t\t\t\t<sr7-bg id=\"SR7_3_1-15-1\" class=\"sr7-layer\"><noscript><img decoding=\"async\" src=\"https:\/\/strandurlaub-kolberg.de\/wp-content\/uploads\/2025\/03\/Innenhof.jpg\" alt=\"\" title=\"Innenhof\"><\/noscript><\/sr7-bg>\n\t\t\t\t\t\t<\/sr7-slide>\n\t\t\t\t\t\t<sr7-slide id=\"SR7_3_1-16\" data-key=\"16\">\n\t\t\t\t\t\t\t<sr7-bg id=\"SR7_3_1-16-1\" class=\"sr7-layer\"><noscript><img decoding=\"async\" src=\"https:\/\/strandurlaub-kolberg.de\/wp-content\/uploads\/2025\/03\/Park-5.jpg\" alt=\"\" title=\"Park 5\"><\/noscript><\/sr7-bg>\n\t\t\t\t\t\t<\/sr7-slide>\n\t\t\t\t\t\t<sr7-slide id=\"SR7_3_1-17\" data-key=\"17\">\n\t\t\t\t\t\t\t<sr7-bg id=\"SR7_3_1-17-1\" class=\"sr7-layer\"><noscript><img decoding=\"async\" src=\"https:\/\/strandurlaub-kolberg.de\/wp-content\/uploads\/2025\/03\/Balkon-2-1280.jpg\" alt=\"\" title=\"Balkon 2 1280\"><\/noscript><\/sr7-bg>\n\t\t\t\t\t\t<\/sr7-slide>\n\t\t\t\t\t\t<sr7-slide id=\"SR7_3_1-18\" data-key=\"18\">\n\t\t\t\t\t\t\t<sr7-bg id=\"SR7_3_1-18-1\" class=\"sr7-layer\"><noscript><img decoding=\"async\" src=\"https:\/\/strandurlaub-kolberg.de\/wp-content\/uploads\/2025\/03\/Moewe-1280.jpg\" alt=\"\" title=\"Mo\u0308we 1280\"><\/noscript><\/sr7-bg>\n\t\t\t\t\t\t<\/sr7-slide>\n\t\t\t\t\t\t<sr7-slide id=\"SR7_3_1-19\" data-key=\"19\">\n\t\t\t\t\t\t\t<sr7-bg id=\"SR7_3_1-19-1\" class=\"sr7-layer\"><noscript><img decoding=\"async\" src=\"https:\/\/strandurlaub-kolberg.de\/wp-content\/uploads\/2020\/07\/Wohnzimmer1.jpg\" alt=\"\" title=\"Wohnzimmer1\"><\/noscript><\/sr7-bg>\n\t\t\t\t\t\t<\/sr7-slide>\n\t\t\t\t\t\t<sr7-slide id=\"SR7_3_1-12\" data-key=\"12\">\n\t\t\t\t\t\t<\/sr7-slide>\n\t\t\t\t\t\t<\/sr7-carousel>\n\t\t\t\t\t<\/sr7-content>\n\t\t\t\t\t<image_lists style=\"display:none\">\n\t\t\t\t\t\t<img data-src=\"\/\/strandurlaub-kolberg.de\/wp-content\/uploads\/2025\/03\/Wohnung-1280.jpg\" data-libid=\"2093\" data-lib=\"medialibrary\" title=\"Wohnung 1280\" width=\"0\" height=\"0\" data-dbsrc=\"Ly9zdHJhbmR1cmxhdWIta29sYmVyZy5kZS93cC1jb250ZW50L3VwbG9hZHMvMjAyNS8wMy9Xb2hudW5nLTEyODAuanBn\"\/>\n\t\t\t\t\t\t<img data-src=\"\/\/strandurlaub-kolberg.de\/wp-content\/uploads\/2025\/03\/Das-Haus_1280-1.jpg\" data-libid=\"2090\" data-lib=\"medialibrary\" title=\"Das Haus_1280\" width=\"0\" height=\"0\" data-dbsrc=\"Ly9zdHJhbmR1cmxhdWIta29sYmVyZy5kZS93cC1jb250ZW50L3VwbG9hZHMvMjAyNS8wMy9EYXMtSGF1c18xMjgwLTEuanBn\"\/>\n\t\t\t\t\t\t<img data-src=\"\/\/strandurlaub-kolberg.de\/wp-content\/uploads\/2025\/03\/Park-3a.jpg\" width=\"0\" height=\"0\" data-dbsrc=\"Ly9zdHJhbmR1cmxhdWIta29sYmVyZy5kZS93cC1jb250ZW50L3VwbG9hZHMvMjAyNS8wMy9QYXJrLTNhLmpwZw==\"\/>\n\t\t\t\t\t\t<img data-src=\"\/\/strandurlaub-kolberg.de\/wp-content\/uploads\/2025\/03\/Strand-1280.jpg\" data-libid=\"2092\" data-lib=\"medialibrary\" title=\"Strand 1280\" width=\"0\" height=\"0\" data-dbsrc=\"Ly9zdHJhbmR1cmxhdWIta29sYmVyZy5kZS93cC1jb250ZW50L3VwbG9hZHMvMjAyNS8wMy9TdHJhbmQtMTI4MC5qcGc=\"\/>\n\t\t\t\t\t\t<img data-src=\"\/\/strandurlaub-kolberg.de\/wp-content\/uploads\/2025\/03\/Innenhof.jpg\" data-libid=\"2088\" data-lib=\"medialibrary\" title=\"Innenhof\" width=\"0\" height=\"0\" data-dbsrc=\"Ly9zdHJhbmR1cmxhdWIta29sYmVyZy5kZS93cC1jb250ZW50L3VwbG9hZHMvMjAyNS8wMy9Jbm5lbmhvZi5qcGc=\"\/>\n\t\t\t\t\t\t<img data-src=\"\/\/strandurlaub-kolberg.de\/wp-content\/uploads\/2025\/03\/Park-5.jpg\" data-libid=\"2087\" data-lib=\"medialibrary\" title=\"Park 5\" width=\"0\" height=\"0\" data-dbsrc=\"Ly9zdHJhbmR1cmxhdWIta29sYmVyZy5kZS93cC1jb250ZW50L3VwbG9hZHMvMjAyNS8wMy9QYXJrLTUuanBn\"\/>\n\t\t\t\t\t\t<img data-src=\"\/\/strandurlaub-kolberg.de\/wp-content\/uploads\/2025\/03\/Balkon-2-1280.jpg\" data-libid=\"2098\" data-lib=\"medialibrary\" title=\"Balkon 2 1280\" width=\"0\" height=\"0\" data-dbsrc=\"Ly9zdHJhbmR1cmxhdWIta29sYmVyZy5kZS93cC1jb250ZW50L3VwbG9hZHMvMjAyNS8wMy9CYWxrb24tMi0xMjgwLmpwZw==\"\/>\n\t\t\t\t\t\t<img data-src=\"\/\/strandurlaub-kolberg.de\/wp-content\/uploads\/2025\/03\/Moewe-1280.jpg\" data-libid=\"2091\" data-lib=\"medialibrary\" title=\"Mo\u0308we 1280\" width=\"0\" height=\"0\" data-dbsrc=\"Ly9zdHJhbmR1cmxhdWIta29sYmVyZy5kZS93cC1jb250ZW50L3VwbG9hZHMvMjAyNS8wMy9Nb2V3ZS0xMjgwLmpwZw==\"\/>\n\t\t\t\t\t\t<img data-src=\"\/\/strandurlaub-kolberg.de\/wp-content\/uploads\/2020\/07\/Wohnzimmer1.jpg\" data-libid=\"612\" data-lib=\"medialibrary\" title=\"Wohnzimmer1\" width=\"0\" height=\"0\" data-dbsrc=\"Ly9zdHJhbmR1cmxhdWIta29sYmVyZy5kZS93cC1jb250ZW50L3VwbG9hZHMvMjAyMC8wNy9Xb2huemltbWVyMS5qcGc=\"\/>\n\t\t\t\t\t<\/image_lists>\n\t\t\t\t<\/sr7-module>\n\t\t\t\t<script>\n\t\t\t\t\tSR7.PMH ??={}; SR7.PMH[\"SR7_3_1\"] = {cn:100,state:false,fn: function() { if (_tpt!==undefined && _tpt.prepareModuleHeight !== undefined) {  _tpt.prepareModuleHeight({id:\"SR7_3_1\",el:[400,400,768,960,960],type:'carousel',shdw:'2',gh:[400,400,300,100,100],gw:[1280,1280,1024,778,778],vpt:['-100px&#039;,&#039;-100px&#039;,&#039;-100px&#039;,&#039;-100px&#039;,&#039;-100px'],size:{fullWidth:true, fullHeight:false},mh:'0',onh:0,onw:0,bg:{color:'{\"orig\":\"transparent\",\"type\":\"solid\",\"string\":\"transparent\"}'},carousel:{pt:'0',pb:'0'}});   SR7.PMH[\"SR7_3_1\"].state=true;} else if(SR7.PMH[\"SR7_3_1\"].cn-->0)\tsetTimeout( SR7.PMH[\"SR7_3_1\"].fn,19);}};SR7.PMH[\"SR7_3_1\" ].fn();\n\t\t\t\t<\/script>\n[\/vc_tta_section][\/vc_tta_pageable][\/vc_column][\/vc_row][vc_row][vc_column width=&#8220;1\/3&#8243; css=&#8220;.vc_custom_1740918606060{margin-right: 10% !important;margin-left: 10% !important;padding-right: 20% !important;padding-left: 20% !important;}&#8220;][\/vc_column][vc_column width=&#8220;1\/3&#8243;][\/vc_column][vc_column width=&#8220;1\/3&#8243;][\/vc_column][\/vc_row][vc_row][vc_column][vc_column_text css=&#8220;&#8220;]\n<div id=\"panel-23-0-1-0\" class=\"so-panel widget widget_text panel-first-child\" data-index=\"0\">\n<div class=\"panel-widget-style panel-widget-style-for-23-0-1-0\">\n<div class=\"textwidget\">\n<p style=\"text-align: center;\"><b>Wir bieten Ihnen eine wundersch\u00f6ne 3-Zimmerwohnung mit grossem Balkon, in direkter N\u00e4he zum Ostseestrand (ca. 300 m durch den K\u00fcstenpark).\u00a0<\/b><\/p>\n<p><u><b>Lage\/ Aussen:<\/b><\/u><\/p>\n<ul type=\"disc\">\n<li>Die Wohnung befindet sich in einem neu gebauten Siedlungkarree in der 2. Etage<\/li>\n<li>Die Zufahrt zum Innenhof\/Hauseingang ist nur durch zwei, mit Schl\u00fcssel\/Fernbedienung zu \u00f6ffnenden Toren gesichert<\/li>\n<li>Zur Wohnung geh\u00f6rt eine abschliessbare Garage (ca. 20 m2)<\/li>\n<\/ul>\n<\/div>\n<\/div>\n<\/div>\n[\/vc_column_text][\/vc_column][\/vc_row][vc_row][vc_column][vc_column_text css=&#8220;.vc_custom_1740919622385{padding-bottom: 10px !important;}&#8220;]<div class=\"gca-column one-half first\"><p><u><b>Innenausstattung:<\/b><\/u><\/p>\n<ul type=\"square\">\n<li><b>Schlafzimmer (Laminatboden)<\/b>\n<ul>\n<li>Doppelbett<\/li>\n<li>2 Nachttische<\/li>\n<li>Schrank<\/li>\n<li>Zugang zum grossen Balkon<\/li>\n<\/ul>\n<\/li>\n<\/ul>\n<ul type=\"square\">\n<li><b>K\u00fcche (Fliesen)<\/b>\n<ul>\n<li>K\u00fchl\/ Gefrierkombination<\/li>\n<li>Sp\u00fcle<\/li>\n<li>Sp\u00fclmaschine<\/li>\n<li>Induktionsfeld 2 Platten\/ Backofen<\/li>\n<li>Einbauschr\u00e4nke<\/li>\n<li>Kapselmaschine (Dolce Gusto)<\/li>\n<li>Toaster<\/li>\n<li>Grundaustattung an Gew\u00fcrzen, Zucker, Salz<\/li>\n<li>Diverse T\u00f6pfe, Pfannen, Besteck, Geschirr, Gl\u00e4ser, Tassen, Sch\u00fcssel (f\u00fcr 6 Personen)<\/li>\n<\/ul>\n<\/li>\n<\/ul>\n<ul type=\"square\">\n<li><b>Eingangsbereich (Fliesen)<\/b>\n<ul>\n<li>Garderobe<\/li>\n<li>Kleiderschrank mit Spiegelt\u00fcre<\/li>\n<li>Staubsauger<\/li>\n<li>B\u00fcgeleisen\/ B\u00fcgelbrett<\/li>\n<\/ul>\n<\/li>\n<\/ul>\n<ul type=\"square\">\n<li><b>Balkon<\/b>\n<ul>\n<li>4 Stapelst\u00fchle<\/li>\n<li>Gartentisch<\/li>\n<li>Schirmst\u00e4nder<\/li>\n<li>Sonnenschirm<\/li>\n<\/ul>\n<\/li>\n<\/ul><\/div>\n<div class=\"gca-column one-half\"><ul>\n<li><b>Wohnzimmer (Laminatboden mit Teppich)<\/b>\n<ul>\n<li>Flat-TV<\/li>\n<li>DVD-Player mit Card-Reader und USB Anschluss f\u00fcr Ihre Urlaubsfotos<\/li>\n<li>Sat &#8211; TV (polnische und deutsche Programme)<\/li>\n<li>Schlafcouch 145 x 200cm<\/li>\n<li>4 St\u00fchle<\/li>\n<li>1 Esstisch (klappbar)<\/li>\n<li>2 kleine Couchtische (umstellbar)<\/li>\n<li>Zugang zum grossen Balkon<\/li>\n<\/ul>\n<\/li>\n<\/ul>\n<ul>\n<li><b>G\u00e4ste\/ Kinderzimmer (Laminatboden)<\/b>\n<ul>\n<li>2 x Schlafliege \/ Schlafsofa (\u00e1 ca. 90 x 200 cm)<\/li>\n<li>Tisch<\/li>\n<li>Kleiderschrank<\/li>\n<\/ul>\n<\/li>\n<\/ul>\n<ul>\n<li><b>Bad\/ Toilette<\/b>\n<ul>\n<li>Dusche<\/li>\n<li>Toilette<\/li>\n<li>Waschtisch<\/li>\n<li>Unterschrank<\/li>\n<li>Spiegel<\/li>\n<li>Waschmaschine<\/li>\n<li>W\u00e4schespinne<\/li>\n<li>Haartrockner<\/li>\n<li>Handtuchtrockner<\/li>\n<\/ul>\n<\/li>\n<\/ul><\/div>\n<p><b>Die gesamte Wohnung ist mit Zentralheizung ausgestattet. Handt\u00fccher und Bettw\u00e4sche sind vorhanden. (Kein W\u00e4scheservice)<br \/>\n<\/b>[\/vc_column_text][\/vc_column][\/vc_row][vc_row][vc_column][vc_empty_space][\/vc_column][\/vc_row]\n<\/div>","protected":false},"excerpt":{"rendered":"<p>[vc_row][vc_column][vc_custom_heading text=&#8220;Lage und Ausstattung&#8220; font_container=&#8220;tag:h1|text_align:center&#8220; use_theme_fonts=&#8220;yes&#8220; css=&#8220;&#8220;][vc_tta_pageable no_fill_content_area=&#8220;true&#8220; active_section=&#8220;1&#8243; css=&#8220;.vc_custom_1740918979995{margin-right: 10px !important;margin-left: 10px !important;}&#8220;][vc_tta_section title=&#8220;Inhaltsbereich 1&#8243; tab_id=&#8220;1740918728864-277d5ded-e733&#8243;][\/vc_tta_section][\/vc_tta_pageable][\/vc_column][\/vc_row][vc_row][vc_column width=&#8220;1\/3&#8243; css=&#8220;.vc_custom_1740918606060{margin-right: 10% !important;margin-left: 10% !important;padding-right: 20% !important;padding-left: 20% !important;}&#8220;][\/vc_column][vc_column width=&#8220;1\/3&#8243;][\/vc_column][vc_column width=&#8220;1\/3&#8243;][\/vc_column][\/vc_row][vc_row][vc_column][vc_column_text css=&#8220;&#8220;] [&hellip;]<\/p>\n","protected":false},"author":1,"featured_media":0,"parent":0,"menu_order":0,"comment_status":"closed","ping_status":"closed","template":"","meta":{"footnotes":""},"class_list":["post-2061","page","type-page","status-publish","hentry",null],"_links":{"self":[{"href":"https:\/\/strandurlaub-kolberg.de\/index.php?rest_route=\/wp\/v2\/pages\/2061","targetHints":{"allow":["GET"]}}],"collection":[{"href":"https:\/\/strandurlaub-kolberg.de\/index.php?rest_route=\/wp\/v2\/pages"}],"about":[{"href":"https:\/\/strandurlaub-kolberg.de\/index.php?rest_route=\/wp\/v2\/types\/page"}],"author":[{"embeddable":true,"href":"https:\/\/strandurlaub-kolberg.de\/index.php?rest_route=\/wp\/v2\/users\/1"}],"replies":[{"embeddable":true,"href":"https:\/\/strandurlaub-kolberg.de\/index.php?rest_route=%2Fwp%2Fv2%2Fcomments&post=2061"}],"version-history":[{"count":31,"href":"https:\/\/strandurlaub-kolberg.de\/index.php?rest_route=\/wp\/v2\/pages\/2061\/revisions"}],"predecessor-version":[{"id":2120,"href":"https:\/\/strandurlaub-kolberg.de\/index.php?rest_route=\/wp\/v2\/pages\/2061\/revisions\/2120"}],"wp:attachment":[{"href":"https:\/\/strandurlaub-kolberg.de\/index.php?rest_route=%2Fwp%2Fv2%2Fmedia&parent=2061"}],"curies":[{"name":"wp","href":"https:\/\/api.w.org\/{rel}","templated":true}]}}