{"id":35,"date":"2017-08-15T22:57:55","date_gmt":"2017-08-15T22:57:55","guid":{"rendered":"http:\/\/wordpress.strandurlaub.strandurlaub-kolberg.de\/?page_id=35"},"modified":"2017-08-15T22:57:55","modified_gmt":"2017-08-15T22:57:55","slug":"kontakt","status":"publish","type":"page","link":"https:\/\/strandurlaub-kolberg.de\/?page_id=35","title":{"rendered":"Kontakt"},"content":{"rendered":"<p>Wir stehen Ihnen gerne zur Verf\u00fcgung!<\/p>\n<p>Nehmen Sie doch einfach Kontakt mit uns auf. Auf spezielle Einzelheiten geben wir gerne n\u00e4here Ausk\u00fcnfte, bei individuellen Anliegen finden wir eine gemeinsame L\u00f6sung. In jedem Fall stehen wir Ihnen mit Rat, Tat und Antworten zur Seite.<\/p>\n<p>Pers\u00f6nlich am Telefon: +49 (0)163 &#8211; 45 22 407<\/p>\n<p>oder<\/p>\n<p>per email: Kolobrzeg@gmx.de<\/p>\n<p>Auch f\u00fcr Kritik und Anregungen, W\u00fcnsche und \u00c4nderungsvorschl\u00e4ge haben wir stets ein offenes Ohr.<\/p>\n","protected":false},"excerpt":{"rendered":"<p>Wir stehen Ihnen gerne zur Verf\u00fcgung! Nehmen Sie doch einfach Kontakt mit uns auf. Auf spezielle Einzelheiten geben wir gerne n\u00e4here Ausk\u00fcnfte, bei individuellen Anliegen finden wir eine gemeinsame L\u00f6sung. [&hellip;]<\/p>\n","protected":false},"author":1,"featured_media":0,"parent":0,"menu_order":0,"comment_status":"closed","ping_status":"closed","template":"","meta":{"footnotes":""},"class_list":["post-35","page","type-page","status-publish","hentry",null],"_links":{"self":[{"href":"https:\/\/strandurlaub-kolberg.de\/index.php?rest_route=\/wp\/v2\/pages\/35","targetHints":{"allow":["GET"]}}],"collection":[{"href":"https:\/\/strandurlaub-kolberg.de\/index.php?rest_route=\/wp\/v2\/pages"}],"about":[{"href":"https:\/\/strandurlaub-kolberg.de\/index.php?rest_route=\/wp\/v2\/types\/page"}],"author":[{"embeddable":true,"href":"https:\/\/strandurlaub-kolberg.de\/index.php?rest_route=\/wp\/v2\/users\/1"}],"replies":[{"embeddable":true,"href":"https:\/\/strandurlaub-kolberg.de\/index.php?rest_route=%2Fwp%2Fv2%2Fcomments&post=35"}],"version-history":[{"count":1,"href":"https:\/\/strandurlaub-kolberg.de\/index.php?rest_route=\/wp\/v2\/pages\/35\/revisions"}],"predecessor-version":[{"id":36,"href":"https:\/\/strandurlaub-kolberg.de\/index.php?rest_route=\/wp\/v2\/pages\/35\/revisions\/36"}],"wp:attachment":[{"href":"https:\/\/strandurlaub-kolberg.de\/index.php?rest_route=%2Fwp%2Fv2%2Fmedia&parent=35"}],"curies":[{"name":"wp","href":"https:\/\/api.w.org\/{rel}","templated":true}]}}